{"id":750,"date":"2023-02-09T16:50:40","date_gmt":"2023-02-09T15:50:40","guid":{"rendered":"https:\/\/powergencharger.com\/?page_id=750"},"modified":"2023-06-28T11:26:30","modified_gmt":"2023-06-28T09:26:30","slug":"cookies-policy","status":"publish","type":"page","link":"https:\/\/powergencharger.com\/en\/cookies-policy\/","title":{"rendered":"Cookies Policy"},"content":{"rendered":"<div class=\"fusion-fullwidth fullwidth-box fusion-builder-row-1 fusion-flex-container nonhundred-percent-fullwidth non-hundred-percent-height-scrolling fusion-custom-z-index\" style=\"--awb-border-radius-top-left:0px;--awb-border-radius-top-right:0px;--awb-border-radius-bottom-right:0px;--awb-border-radius-bottom-left:0px;--awb-z-index:1;--awb-padding-top:1%;--awb-padding-right:2%;--awb-padding-bottom:0px;--awb-padding-left:2%;--awb-padding-top-small:5%;--awb-background-image:radial-gradient(circle at right center, #decd40 30%,#d9d9d9 30%);--awb-flex-wrap:wrap;\" ><div class=\"fusion-builder-row fusion-row fusion-flex-align-items-stretch fusion-flex-justify-content-center fusion-flex-content-wrap\" style=\"max-width:104%;margin-left: calc(-4% \/ 2 );margin-right: calc(-4% \/ 2 );\">\n<div class=\"fusion-layout-column fusion_builder_column fusion-builder-column-0 fusion_builder_column_5_6 5_6 fusion-flex-column fusion-flex-align-self-center\" style=\"--awb-padding-top:3%;--awb-padding-bottom:3%;--awb-padding-top-small:3%;--awb-bg-blend:overlay;--awb-bg-size:cover;--awb-width-large:83.333333333333%;--awb-margin-top-large:0px;--awb-spacing-right-large:2.304%;--awb-margin-bottom-large:0px;--awb-spacing-left-large:2.304%;--awb-width-medium:100%;--awb-spacing-right-medium:1.92%;--awb-spacing-left-medium:1.92%;--awb-width-small:100%;--awb-spacing-right-small:1.92%;--awb-spacing-left-small:1.92%;\"><div class=\"fusion-column-wrapper fusion-column-has-shadow fusion-flex-justify-content-center fusion-content-layout-column\">\n<div class=\"fusion-builder-row fusion-builder-row-inner fusion-row fusion-flex-align-items-stretch fusion-flex-justify-content-center fusion-flex-content-wrap\" style=\"width:104% !important;max-width:104% !important;margin-left: calc(-4% \/ 2 );margin-right: calc(-4% \/ 2 );\">\n<div class=\"fusion-layout-column fusion_builder_column_inner fusion-builder-nested-column-0 fusion_builder_column_inner_1_1 1_1 fusion-flex-column fusion-flex-align-self-center\" style=\"--awb-padding-top:5%;--awb-padding-right:15%;--awb-padding-bottom:5%;--awb-padding-left:15%;--awb-padding-right-medium:10%;--awb-padding-left-medium:10%;--awb-padding-right-small:10%;--awb-padding-left-small:10%;--awb-bg-color:rgba(255,255,255,0.8);--awb-bg-color-hover:rgba(255,255,255,0.8);--awb-bg-blend:overlay;--awb-bg-size:cover;--awb-width-large:100%;--awb-margin-top-large:0px;--awb-spacing-right-large:1.92%;--awb-margin-bottom-large:0px;--awb-spacing-left-large:1.92%;--awb-width-medium:100%;--awb-spacing-right-medium:1.92%;--awb-spacing-left-medium:1.92%;--awb-width-small:100%;--awb-spacing-right-small:1.92%;--awb-spacing-left-small:1.92%;\"><div class=\"fusion-column-wrapper fusion-column-has-shadow fusion-flex-justify-content-flex-start fusion-content-layout-column\"><div class=\"fusion-title title fusion-title-1 fusion-sep-none fusion-title-center fusion-title-text fusion-title-size-one\" style=\"--awb-margin-bottom:25px;--awb-font-size:3em;\"><h1 class=\"fusion-title-heading title-heading-center fusion-responsive-typography-calculated\" style=\"margin:0;font-size:1em;--fontSize:54;line-height:var(--awb-typography1-line-height);\">Cookie Policy<\/h1><\/div>\n<div class=\"fusion-separator fusion-full-width-sep\" style=\"align-self: center;margin-left: auto;margin-right: auto;margin-top:20px;margin-bottom:20px;width:100%;\"><\/div>\n<p>In riferimento all&#8217;Art.13 del Codice in materia di protezione dei dati personali e in merito all&#8217;obbligo per i siti web di richiedere il permesso agli utenti di utilizzare cookies, denominata <u>EU Cookie Law<\/u> (http:\/\/eur-lex.europa.eu\/LexUriServ\/LexUriServ.do?uri=OJ:L:2009:337:0011:0036:IT:PDF) l&#8217;esistenza dei cookie viene comunicata, mediante avviso indicandone l&#8217;uso e mettendo in condizione il navigatore di leggere l&#8217;informativa tramite il link presente nel sito.<\/p>\n<p>Poich\u00e8, come \u00e8 d\u2019uso su tutti i siti web, anche il presente sito fa uso di cookies per consentire le funzionalit\u00e0 e l\u2019analisi dell\u2019uso del sito stesso, abbiamo predisposto la seguente Policy per descrivere i cookies usati e per descrivere i motivi e le condizioni del loro utilizzo. Ti preghiamo di notare che non possiamo garantire il buon funzionamento dei servizi su questo sito senza inviare al tuo dispositivo alcuni cookies. <\/p>\n<h2>Cosa sono i Cookies?<\/h2>\n<p>I cookie non sono altro che stringhe di testo, che i siti visitati dall&#8217;utente, inviano al suo terminale (al browser in uso), dove vengono memorizzati per essere poi ritrasmessi agli stessi siti alla successiva visita del medesimo utente. Nel corso della navigazione su un sito, l&#8217;utente pu\u00f2 ricevere sul suo terminale anche cookie che vengono inviati da siti o da web server diversi (c.d. &#8220;terze parti&#8221;), sui quali possono risiedere alcuni elementi (quali, ad esempio, immagini, mappe, suoni, specifici link a pagine di altri domini) presenti sul sito che lo stesso sta visitando. I cookie, solitamente presenti nei browser degli utenti in numero molto elevato e a volte anche con caratteristiche di ampia persistenza temporale, sono usati per differenti finalit\u00e0: esecuzione di autenticazioni informatiche, monitoraggio di sessioni, memorizzazione di informazioni su specifiche configurazioni riguardanti gli utenti che accedono al server, ecc.<\/p>\n<p>In questo sito nessun dato personale viene in proposito acquisito e non viene fatto direttamente uso di cookies per la ritrasmissione di informazioni di carattere personale.<\/p>\n<p>Se non l&#8217;hai gi\u00e0 fatto, ti consigliamo anche di aggiornare o impostare il tuo browser sull&#8217;aggiornamento automatico, in modo da eliminare le lacune di sicurezza causate da browser obsoleti.<\/p>\n<p>Se condividi l&#8217;accesso al computer, ti consigliamo anche di cancellare sempre i dati di navigazione ogni volta che chiudi il tuo browser. Ci\u00f2 aumenta la sicurezza eliminando i dati dopo la tua sessione di navigazione.<\/p>\n<h2>Cookies di Prima Parte<\/h2>\n<p>Ovvero che possono inviare cookies al tuo dispositivo tramite il sito. Questi cookies, che appartengono al sito che li ha creati, sono definiti Cookies di Prima Parte. Essi sono sono necessari per eseguire le funzionalit\u00e0 del sito.<\/p>\n<h3>Cookies di Sessione<\/h3>\n<p>I Cookies di Sessione sono essenziali per consentire l&#8217;esplorazione sicura ed efficiente del sito (Essential Cookies). Essi svaniscono con la chiusura del browser ed i relativi dati associati vengono cancellati. Per questa tipologia di cookie non \u00e8 obbligatorio acquisire il consenso preventivo e informato da parte dell&#8217;utente, poich\u00e8 essi sono soggetti e leggibili solo al domino che li ha creati.<\/p>\n<p>I Cookies di Dominio hanno lo scopo di riconoscere l&#8217;utente registrato al suo ritorno sul sito, una volta che siano state autenticate le credenziali personali. Consentono ad esempio di riempire un carrello, eseguire facilmente operazioni di pagamento, risolvere problemi legati alla sicurezza e garantire conformit\u00e0 alla normativa vigente. Questi Cookie fanno parte del gruppo di Sessione, poich\u00e9 utente e password non vengono mai memorizzati dal sito dopo la tua uscita ed \u00e8 necessario inserirli ogni volta si voglia accedere al sito.<\/p>\n<h2>Cookie di Terze Parti<\/h2>\n<p>Il presente sito funge anche da intermediario per cookies di terze parti, utilizzati per poter fornire ulteriori servizi e funzionalit\u00e0 ai visitatori e per migliorare l\u2019uso del sito stesso, come i pulsanti per i social quando presenti. La presente policy non si applica ai servizi forniti da terze parti, e questo sito non ha alcun controllo sui loro cookies, interamente gestiti dalle terze parti. Il contratto di cessione dati avviene direttamente tra l\u2019utente\/visitatore e le terze parti, per cui l\u2019acquisizione del consenso per detti cookie \u00e8, ovviamente, a carico delle terze parti, mentre questo sito non partecipa in alcun modo a tale cessione. In conseguenza di ci\u00f2 le informazioni sull\u2019uso dei detti cookies e sulle finalit\u00e0 degli stessi, nonch\u00e9 sulle modalit\u00e0 per l\u2019eventuale disabilitazione, sono fornite direttamente dalle terze parti alle pagine qui sotto indicate.<\/p>\n<p>In particolare il presente sito utilizza cookies delle seguenti terze parti:<\/p>\n<h3>Shinystat Analytics<\/h3>\n<p>Si tratta di cookie cosiddetti &#8220;analytics&#8221;, utilizzati per raccogliere informazioni in forma aggregata e anonima sul numero di utenti e su come questi visitano i siti web; si tratta di cookie con finalit\u00e0 esclusivamente statistiche a fini di ottimizzazione del sito (e non di profilazione o marketing) che non consentono in alcun modo di risalire alla identit\u00e0 del singolo visitatore. I visitatori del sito potranno consultare la necessaria informativa sulla Privacy fornita al seguente indirizzo: www.shinystat.com\/it\/informativa_privacy_generale.html<br \/>\nQualora lo desiderino, potranno effettuare l&#8217;opt-out cliccando sul seguente link: http:\/\/www.shinystat.com\/optout\/optout.html, per quanti effettueranno l&#8217;opt-out, ShinyStat non raccoglier\u00e0 alcun dato statistico riguardante la navigazione.<\/p>\n<p>L\u2019informativa completa, resa ai sensi dell\u2019art. 13 D. lgs. n. 196\/03, su Shinystat la puoi consultare: www.shinystat.com\/it\/informativa_privacy_generale.html.<\/p>\n<h3>Social Media<\/h3>\n<p>Questo sito utilizza a volte in modo non costante video di Youtube e Vimeo, contenuti di social come Twitter, Facebook e in generale in base all\u2019occorrenza contenuti embeddabili di altre piattaforme. Non potendo controllare i cookie che questi siti di terze parti erogano \u00e8, per questo consigliato informarsi direttamente presso ogni terza parte per avere maggior controllo su questi cookie.<\/p>\n<p>Di seguito alcuni link utili alle policy cookie delle terze parti citate:<\/p>\n<ul>\n<li>Youtube https:\/\/www.google.it\/intl\/it\/policies\/privacy\/<\/li>\n<li>Twitter https:\/\/twitter.com\/privacy?lang=it<\/li>\n<li>Facebook https:\/\/www.facebook.com\/help\/cookies\/<\/li>\n<li>Vimeo https:\/\/vimeo.com\/cookie_policy<\/li>\n<\/ul>\n<h2>Come controllare o disabiliare i cookie<\/h2>\n<p>I cookies sono collegati al browser utilizzato e POSSONO ESSERE DISABILITATI DIRETTAMENTE DAL BROWSER, cos\u00ec rifiutando\/revocando il consenso all\u2019uso dei cookies. Occorre tenere presente che la disabilitazione dei cookies potrebbe impedire il corretto utilizzo di alcune funzioni del sito stesso.<\/p>\n<p>Per permetterti di comprendere al meglio come puoi modificare le impostazioni, ti segnaliamo alcuni link che potrebbero esserti utili:<\/p>\n<ul>\n<li>FIREFOX: http:\/\/support.mozilla.org\/it\/kb\/Gestione%20dei%20cookie?redirectlocale=en-US&amp;redirectslug=Cookies<\/li>\n<li>CHROME: https:\/\/support.google.com\/chrome\/answer\/95647?hl=it<\/li>\n<li>INTERNET EXPLORER: http:\/\/windows.microsoft.com\/it-IT\/internet-explorer\/delete-manage-cookies#ie=ie-10<\/li>\n<li>SAFARI: http:\/\/www.apple.com\/it\/privacy\/use-of-cookies\/<\/li>\n<\/ul>\n<p>Un&#8217;altra funzione di molti browser \u00e8 la modalit\u00e0 di <u>navigazione in incognito<\/u>. Puoi navigare in modalit\u00e0 Incognito quando non vuoi che le tue visite ai siti web o i tuoi download vengano registrati nelle cronologie di navigazione e di download. Tutti i cookie creati in modalit\u00e0 Incognito vengono automaticamente eliminati alla chiusura di tutte le finestre di navigazione.<\/p>\n<p>In alternativa, le opzioni del browser contengono l&#8217;opzione &#8220;<u>Cancella dati di navigazione<\/u>&#8220;. Puoi utilizzarla per eliminare i cookies, dati di siti e plug-in, inclusi i dati memorizzati sul tuo dispositivo da Adobe Flash Player (Cookie Flash).<\/p>\n<p>Consulta questi siti per maggiori informazioni, oppure seleziona l&#8217;opzione &#8220;Help&#8221; dal tuo browser per avere una guida online.<\/p>\n<ul>\n<li>http:\/\/www.youronlinechoices.eu\/<\/li>\n<li>http:\/\/www.allaboutcookies.org\/manage-cookies\/<\/li>\n<\/ul>\n<p>La presente Policy sui Cookies, in tutto o in parte, potr\u00e0 essere modificata nel tempo per adeguarsi alle variazioni normative, tecnologiche o funzionali del sito stesso. Tutte le sue modifiche diverranno efficaci subito dopo la pubblicazione sul Sito. L&#8217;uso del Sito o dei Servizi successivamente la modifica della presente Policy implica accettazione di tali modifiche. Se non acconsenti ai termini della presente Policy sui Cookies in tutto o in parte, ti invitiamo ad interrompere l&#8217;uso del Sito e dei Servizi che noi offriamo.<\/p>\n<div class=\"fusion-separator fusion-full-width-sep\" style=\"align-self: center;margin-left: auto;margin-right: auto;margin-top:20px;margin-bottom:20px;width:100%;\"><\/div>\n<\/div><\/div>\n<\/div>\n<\/div><\/div>\n<\/div>\n<\/div>\n","protected":false},"excerpt":{"rendered":"","protected":false},"author":1,"featured_media":0,"parent":0,"menu_order":0,"comment_status":"closed","ping_status":"closed","template":"100-width.php","meta":{"footnotes":""},"class_list":["post-750","page","type-page","status-publish","hentry"],"yoast_head":"<title>Cookies Policy | Powergen Charger<\/title>\n<meta name=\"description\" content=\"Cookies Policy\" \/>\n<meta name=\"robots\" content=\"index, follow, max-snippet:-1, max-image-preview:large, max-video-preview:-1\" \/>\n<link rel=\"canonical\" href=\"https:\/\/powergencharger.com\/en\/cookies-policy\/\" \/>\n<meta property=\"og:locale\" content=\"en_US\" \/>\n<meta property=\"og:type\" content=\"article\" \/>\n<meta property=\"og:title\" content=\"Cookies Policy | Powergen Charger\" \/>\n<meta property=\"og:description\" content=\"Cookies Policy\" \/>\n<meta property=\"og:url\" content=\"https:\/\/powergencharger.com\/en\/cookies-policy\/\" \/>\n<meta property=\"og:site_name\" content=\"Powergen Charger\" \/>\n<meta property=\"article:publisher\" content=\"https:\/\/www.facebook.com\/futura.batterie\" \/>\n<meta name=\"twitter:card\" content=\"summary_large_image\" \/>\n<meta name=\"twitter:label1\" content=\"Est. reading time\" \/>\n\t<meta name=\"twitter:data1\" content=\"8 minutes\" \/>\n<script type=\"application\/ld+json\" class=\"yoast-schema-graph\">{\"@context\":\"https:\/\/schema.org\",\"@graph\":[{\"@type\":\"WebPage\",\"@id\":\"https:\/\/powergencharger.com\/en\/cookies-policy\/\",\"url\":\"https:\/\/powergencharger.com\/en\/cookies-policy\/\",\"name\":\"Cookies Policy | Powergen Charger\",\"isPartOf\":{\"@id\":\"https:\/\/powergencharger.com\/en\/#website\"},\"description\":\"Cookies Policy\",\"breadcrumb\":{\"@id\":\"https:\/\/powergencharger.com\/en\/cookies-policy\/#breadcrumb\"},\"inLanguage\":\"en-US\",\"potentialAction\":[{\"@type\":\"ReadAction\",\"target\":[\"https:\/\/powergencharger.com\/en\/cookies-policy\/\"]}]},{\"@type\":\"BreadcrumbList\",\"@id\":\"https:\/\/powergencharger.com\/en\/cookies-policy\/#breadcrumb\",\"itemListElement\":[{\"@type\":\"ListItem\",\"position\":1,\"name\":\"Home\",\"item\":\"https:\/\/powergencharger.com\/en\/\"},{\"@type\":\"ListItem\",\"position\":2,\"name\":\"Cookies Policy\"}]},{\"@type\":\"WebSite\",\"@id\":\"https:\/\/powergencharger.com\/en\/#website\",\"url\":\"https:\/\/powergencharger.com\/en\/\",\"name\":\"Powergen Charger\",\"description\":\"Caribatterie per Muletti e Carrelli Elevatori\",\"publisher\":{\"@id\":\"https:\/\/powergencharger.com\/en\/#organization\"},\"alternateName\":\"Caribatterie per Muletti e Carrelli Elevatori\",\"potentialAction\":[{\"@type\":\"SearchAction\",\"target\":{\"@type\":\"EntryPoint\",\"urlTemplate\":\"https:\/\/powergencharger.com\/en\/?s={search_term_string}\"},\"query-input\":{\"@type\":\"PropertyValueSpecification\",\"valueRequired\":true,\"valueName\":\"search_term_string\"}}],\"inLanguage\":\"en-US\"},{\"@type\":\"Organization\",\"@id\":\"https:\/\/powergencharger.com\/en\/#organization\",\"name\":\"Powergen\",\"alternateName\":\"Caribatterie per Muletti e Carrelli Elevatori\",\"url\":\"https:\/\/powergencharger.com\/en\/\",\"logo\":{\"@type\":\"ImageObject\",\"inLanguage\":\"en-US\",\"@id\":\"https:\/\/powergencharger.com\/en\/#\/schema\/logo\/image\/\",\"url\":\"https:\/\/powergencharger.com\/wp-content\/uploads\/2022\/11\/plogo.png\",\"contentUrl\":\"https:\/\/powergencharger.com\/wp-content\/uploads\/2022\/11\/plogo.png\",\"width\":211,\"height\":113,\"caption\":\"Powergen\"},\"image\":{\"@id\":\"https:\/\/powergencharger.com\/en\/#\/schema\/logo\/image\/\"},\"sameAs\":[\"https:\/\/www.facebook.com\/futura.batterie\",\"https:\/\/it.linkedin.com\/company\/futura-batterie\",\"https:\/\/www.youtube.com\/@futurabatterie9913\"]}]}<\/script>","yoast_head_json":{"title":"Cookies Policy | Powergen Charger","description":"Cookies Policy","robots":{"index":"index","follow":"follow","max-snippet":"max-snippet:-1","max-image-preview":"max-image-preview:large","max-video-preview":"max-video-preview:-1"},"canonical":"https:\/\/powergencharger.com\/en\/cookies-policy\/","og_locale":"en_US","og_type":"article","og_title":"Cookies Policy | Powergen Charger","og_description":"Cookies Policy","og_url":"https:\/\/powergencharger.com\/en\/cookies-policy\/","og_site_name":"Powergen Charger","article_publisher":"https:\/\/www.facebook.com\/futura.batterie","twitter_card":"summary_large_image","twitter_misc":{"Est. reading time":"8 minutes"},"schema":{"@context":"https:\/\/schema.org","@graph":[{"@type":"WebPage","@id":"https:\/\/powergencharger.com\/en\/cookies-policy\/","url":"https:\/\/powergencharger.com\/en\/cookies-policy\/","name":"Cookies Policy | Powergen Charger","isPartOf":{"@id":"https:\/\/powergencharger.com\/en\/#website"},"description":"Cookies Policy","breadcrumb":{"@id":"https:\/\/powergencharger.com\/en\/cookies-policy\/#breadcrumb"},"inLanguage":"en-US","potentialAction":[{"@type":"ReadAction","target":["https:\/\/powergencharger.com\/en\/cookies-policy\/"]}]},{"@type":"BreadcrumbList","@id":"https:\/\/powergencharger.com\/en\/cookies-policy\/#breadcrumb","itemListElement":[{"@type":"ListItem","position":1,"name":"Home","item":"https:\/\/powergencharger.com\/en\/"},{"@type":"ListItem","position":2,"name":"Cookies Policy"}]},{"@type":"WebSite","@id":"https:\/\/powergencharger.com\/en\/#website","url":"https:\/\/powergencharger.com\/en\/","name":"Powergen Charger","description":"Caribatterie per Muletti e Carrelli Elevatori","publisher":{"@id":"https:\/\/powergencharger.com\/en\/#organization"},"alternateName":"Caribatterie per Muletti e Carrelli Elevatori","potentialAction":[{"@type":"SearchAction","target":{"@type":"EntryPoint","urlTemplate":"https:\/\/powergencharger.com\/en\/?s={search_term_string}"},"query-input":{"@type":"PropertyValueSpecification","valueRequired":true,"valueName":"search_term_string"}}],"inLanguage":"en-US"},{"@type":"Organization","@id":"https:\/\/powergencharger.com\/en\/#organization","name":"Powergen","alternateName":"Caribatterie per Muletti e Carrelli Elevatori","url":"https:\/\/powergencharger.com\/en\/","logo":{"@type":"ImageObject","inLanguage":"en-US","@id":"https:\/\/powergencharger.com\/en\/#\/schema\/logo\/image\/","url":"https:\/\/powergencharger.com\/wp-content\/uploads\/2022\/11\/plogo.png","contentUrl":"https:\/\/powergencharger.com\/wp-content\/uploads\/2022\/11\/plogo.png","width":211,"height":113,"caption":"Powergen"},"image":{"@id":"https:\/\/powergencharger.com\/en\/#\/schema\/logo\/image\/"},"sameAs":["https:\/\/www.facebook.com\/futura.batterie","https:\/\/it.linkedin.com\/company\/futura-batterie","https:\/\/www.youtube.com\/@futurabatterie9913"]}]}},"_links":{"self":[{"href":"https:\/\/powergencharger.com\/en\/wp-json\/wp\/v2\/pages\/750","targetHints":{"allow":["GET"]}}],"collection":[{"href":"https:\/\/powergencharger.com\/en\/wp-json\/wp\/v2\/pages"}],"about":[{"href":"https:\/\/powergencharger.com\/en\/wp-json\/wp\/v2\/types\/page"}],"author":[{"embeddable":true,"href":"https:\/\/powergencharger.com\/en\/wp-json\/wp\/v2\/users\/1"}],"replies":[{"embeddable":true,"href":"https:\/\/powergencharger.com\/en\/wp-json\/wp\/v2\/comments?post=750"}],"version-history":[{"count":1,"href":"https:\/\/powergencharger.com\/en\/wp-json\/wp\/v2\/pages\/750\/revisions"}],"predecessor-version":[{"id":1044,"href":"https:\/\/powergencharger.com\/en\/wp-json\/wp\/v2\/pages\/750\/revisions\/1044"}],"wp:attachment":[{"href":"https:\/\/powergencharger.com\/en\/wp-json\/wp\/v2\/media?parent=750"}],"curies":[{"name":"wp","href":"https:\/\/api.w.org\/{rel}","templated":true}]}}